{"id":4466,"date":"2014-07-14T10:11:52","date_gmt":"2014-07-14T10:11:52","guid":{"rendered":"http:\/\/www.pole-led.nl\/de\/wat-doen-wij\/"},"modified":"2024-03-07T11:25:26","modified_gmt":"2024-03-07T10:25:26","slug":"was-wir-machen","status":"publish","type":"page","link":"https:\/\/www.pole-led.nl\/de\/was-wir-machen\/","title":{"rendered":"Was wir machen"},"content":{"rendered":"\t\t<div data-elementor-type=\"wp-page\" data-elementor-id=\"4466\" class=\"elementor elementor-4466 elementor-3264\" data-elementor-post-type=\"page\">\n\t\t\t\t\t\t<section class=\"elementor-section elementor-top-section elementor-element elementor-element-40fdd20 elementor-section-content-middle elementor-section-boxed elementor-section-height-default elementor-section-height-default\" data-id=\"40fdd20\" data-element_type=\"section\">\n\t\t\t\t\t\t<div class=\"elementor-container elementor-column-gap-no\">\n\t\t\t\t\t<div class=\"elementor-column elementor-col-50 elementor-top-column elementor-element elementor-element-10f5793\" data-id=\"10f5793\" data-element_type=\"column\">\n\t\t\t<div class=\"elementor-widget-wrap elementor-element-populated\">\n\t\t\t\t\t\t<div class=\"elementor-element elementor-element-de8b3f1 elementor-widget-divider--view-line elementor-widget elementor-widget-divider\" data-id=\"de8b3f1\" data-element_type=\"widget\" data-widget_type=\"divider.default\">\n\t\t\t\t<div class=\"elementor-widget-container\">\n\t\t\t\t\t\t\t<div class=\"elementor-divider\">\n\t\t\t<span class=\"elementor-divider-separator\">\n\t\t\t\t\t\t<\/span>\n\t\t<\/div>\n\t\t\t\t\t\t<\/div>\n\t\t\t\t<\/div>\n\t\t\t\t<div class=\"elementor-element elementor-element-81772e9 elementor-widget elementor-widget-heading\" data-id=\"81772e9\" data-element_type=\"widget\" data-widget_type=\"heading.default\">\n\t\t\t\t<div class=\"elementor-widget-container\">\n\t\t\t\t\t<h2 class=\"elementor-heading-title elementor-size-default\">PoleLed f\u00f6rdert nachhaltige sichtbar in der Dunkelheit<\/h2>\t\t\t\t<\/div>\n\t\t\t\t<\/div>\n\t\t\t\t\t<\/div>\n\t\t<\/div>\n\t\t\t\t<div class=\"elementor-column elementor-col-50 elementor-top-column elementor-element elementor-element-f898ff4\" data-id=\"f898ff4\" data-element_type=\"column\">\n\t\t\t<div class=\"elementor-widget-wrap elementor-element-populated\">\n\t\t\t\t\t\t<div class=\"elementor-element elementor-element-fb0c6ee elementor-widget elementor-widget-text-editor\" data-id=\"fb0c6ee\" data-element_type=\"widget\" data-widget_type=\"text-editor.default\">\n\t\t\t\t<div class=\"elementor-widget-container\">\n\t\t\t\t\t\t\t\t\t<p><span lang=\"de\">2009 PoleLed begann die Entwicklung im eigenen Haus durch eine einzigartige Lichtsystem, um Fahnen und Banner zu beleuchten. In der Zwischenzeit wird das Beleuchtungssystem aus zwei Ausf\u00fchrungsformen, von denen es zu diesem Zeitpunkt bereits in den Tausenden von Stand Gebiet gemacht. Die PoleLed PoleLed Basic und Extended. Unter anderem McDonalds, Van der Valk, Burger King, Landal Gr\u00fcn Parcs, IKEA und Dutzende von Gemeinden und Superm\u00e4rkten derzeit nutzen diese nachhaltige Licht Flagge. <\/span><\/p>\t\t\t\t\t\t\t\t<\/div>\n\t\t\t\t<\/div>\n\t\t\t\t\t<\/div>\n\t\t<\/div>\n\t\t\t\t\t<\/div>\n\t\t<\/section>\n\t\t\t\t<section class=\"elementor-section elementor-top-section elementor-element elementor-element-aa17db5 elementor-section-boxed elementor-section-height-default elementor-section-height-default\" data-id=\"aa17db5\" data-element_type=\"section\" data-settings=\"{&quot;background_background&quot;:&quot;classic&quot;}\">\n\t\t\t\t\t\t<div class=\"elementor-container elementor-column-gap-default\">\n\t\t\t\t\t<div class=\"elementor-column elementor-col-100 elementor-top-column elementor-element elementor-element-fe4c8d5\" data-id=\"fe4c8d5\" data-element_type=\"column\">\n\t\t\t<div class=\"elementor-widget-wrap elementor-element-populated\">\n\t\t\t\t\t\t<div class=\"elementor-element elementor-element-0ce220b elementor-widget elementor-widget-heading\" data-id=\"0ce220b\" data-element_type=\"widget\" data-widget_type=\"heading.default\">\n\t\t\t\t<div class=\"elementor-widget-container\">\n\t\t\t\t\t<h2 class=\"elementor-heading-title elementor-size-default\">Kundenspezifische L\u00f6sungen<\/h2>\t\t\t\t<\/div>\n\t\t\t\t<\/div>\n\t\t\t\t<div class=\"elementor-element elementor-element-a091cea elementor-widget elementor-widget-text-editor\" data-id=\"a091cea\" data-element_type=\"widget\" data-widget_type=\"text-editor.default\">\n\t\t\t\t<div class=\"elementor-widget-container\">\n\t\t\t\t\t\t\t\t\t<p><span lang=\"de\">Als Spin-off des Projekts in der Stadt Rotterdam, die PoleLed Diluvio und PoleLed Amplio gestaltet. Die Diluvio richten sich die Scheinwerfer von 45 Watt, die geschaffen wurde, um CDM-T 150W Leuchten ersetzen. Die Amplio ist eine solide Wandfluter \/ ledlijn von 30 und 60 cm. Auch f\u00fcr die Weltmuseum in Rotterdam ist eine neue Halterung entwickelt, die FrameLED. Ein Aluminium ledlijn, wasserdichten Guss mit einem Durchmesser von 39 Millimetern schlecht. \u00dcberall einsetzbar, wo genau die Armaturen k\u00f6nnen und d\u00fcrfen nicht sichtbar sein.<\/span><\/p>\t\t\t\t\t\t\t\t<\/div>\n\t\t\t\t<\/div>\n\t\t\t\t\t<\/div>\n\t\t<\/div>\n\t\t\t\t\t<\/div>\n\t\t<\/section>\n\t\t\t\t<section class=\"elementor-section elementor-top-section elementor-element elementor-element-465bfec elementor-section-boxed elementor-section-height-default elementor-section-height-default\" data-id=\"465bfec\" data-element_type=\"section\" data-settings=\"{&quot;background_background&quot;:&quot;classic&quot;}\">\n\t\t\t\t\t\t<div class=\"elementor-container elementor-column-gap-default\">\n\t\t\t\t\t<div class=\"elementor-column elementor-col-100 elementor-top-column elementor-element elementor-element-2dff59d\" data-id=\"2dff59d\" data-element_type=\"column\">\n\t\t\t<div class=\"elementor-widget-wrap elementor-element-populated\">\n\t\t\t\t\t\t<div class=\"elementor-element elementor-element-fbf56d2 elementor-widget elementor-widget-heading\" data-id=\"fbf56d2\" data-element_type=\"widget\" data-widget_type=\"heading.default\">\n\t\t\t\t<div class=\"elementor-widget-container\">\n\t\t\t\t\t<h2 class=\"elementor-heading-title elementor-size-default\"> \u2022 Made in Holland \u2022<\/h2>\t\t\t\t<\/div>\n\t\t\t\t<\/div>\n\t\t\t\t\t<\/div>\n\t\t<\/div>\n\t\t\t\t\t<\/div>\n\t\t<\/section>\n\t\t\t\t<\/div>\n\t\t","protected":false},"excerpt":{"rendered":"<p>PoleLed f\u00f6rdert nachhaltige sichtbar in der Dunkelheit 2009 PoleLed begann die Entwicklung im eigenen Haus durch eine einzigartige Lichtsystem, um Fahnen und Banner zu beleuchten. In der Zwischenzeit wird das Beleuchtungssystem aus zwei Ausf\u00fchrungsformen, von denen es zu diesem Zeitpunkt bereits in den Tausenden von Stand Gebiet gemacht. Die PoleLed PoleLed Basic und Extended. Unter [&hellip;]<\/p>\n","protected":false},"author":4,"featured_media":0,"parent":0,"menu_order":0,"comment_status":"open","ping_status":"open","template":"","meta":{"inline_featured_image":false,"footnotes":""},"class_list":["post-4466","page","type-page","status-publish","hentry"],"yoast_head":"<!-- This site is optimized with the Yoast SEO plugin v26.1 - https:\/\/yoast.com\/wordpress\/plugins\/seo\/ -->\n<title>Nachhaltige Beleuchtung macht Ihre Fahnen sichtbarer<\/title>\n<meta name=\"description\" content=\"Fahnen sind lebendige Werbetr\u00e4ger, die Ihr Produkt, Ihr Unternehmen oder Ihre Institution professionell pr\u00e4sentieren. Weil Sie stolz auf Ihr Unternehmen sind, strahlen Sie dies am liebsten dauerhaft aus. PoleLed macht Ihre Fahnen nachhaltiger sichtbar und Ihr Unternehmen leichter auffindbar; 24 Stunden am Tag, 7 Tage die Woche.\" \/>\n<meta name=\"robots\" content=\"index, follow, max-snippet:-1, max-image-preview:large, max-video-preview:-1\" \/>\n<link rel=\"canonical\" href=\"https:\/\/www.pole-led.nl\/de\/was-wir-machen\/\" \/>\n<meta property=\"og:locale\" content=\"de_DE\" \/>\n<meta property=\"og:type\" content=\"article\" \/>\n<meta property=\"og:title\" content=\"Nachhaltige Beleuchtung macht Ihre Fahnen sichtbarer\" \/>\n<meta property=\"og:description\" content=\"Fahnen sind lebendige Werbetr\u00e4ger, die Ihr Produkt, Ihr Unternehmen oder Ihre Institution professionell pr\u00e4sentieren. Weil Sie stolz auf Ihr Unternehmen sind, strahlen Sie dies am liebsten dauerhaft aus. PoleLed macht Ihre Fahnen nachhaltiger sichtbar und Ihr Unternehmen leichter auffindbar; 24 Stunden am Tag, 7 Tage die Woche.\" \/>\n<meta property=\"og:url\" content=\"https:\/\/www.pole-led.nl\/de\/was-wir-machen\/\" \/>\n<meta property=\"og:site_name\" content=\"PoleLed\" \/>\n<meta property=\"article:publisher\" content=\"https:\/\/www.facebook.com\/poleled\" \/>\n<meta property=\"article:modified_time\" content=\"2024-03-07T10:25:26+00:00\" \/>\n<meta property=\"og:image\" content=\"https:\/\/www.pole-led.nl\/wp-content\/uploads\/2015\/07\/Logo_PoleLed_mill.png\" \/>\n\t<meta property=\"og:image:width\" content=\"280\" \/>\n\t<meta property=\"og:image:height\" content=\"75\" \/>\n\t<meta property=\"og:image:type\" content=\"image\/png\" \/>\n<meta name=\"twitter:card\" content=\"summary_large_image\" \/>\n<meta name=\"twitter:site\" content=\"@poleled\" \/>\n<meta name=\"twitter:label1\" content=\"Est. reading time\" \/>\n\t<meta name=\"twitter:data1\" content=\"1 minute\" \/>\n<script type=\"application\/ld+json\" class=\"yoast-schema-graph\">{\"@context\":\"https:\/\/schema.org\",\"@graph\":[{\"@type\":\"WebPage\",\"@id\":\"https:\/\/www.pole-led.nl\/de\/was-wir-machen\/\",\"url\":\"https:\/\/www.pole-led.nl\/de\/was-wir-machen\/\",\"name\":\"Nachhaltige Beleuchtung macht Ihre Fahnen sichtbarer\",\"isPartOf\":{\"@id\":\"https:\/\/www.pole-led.nl\/de\/#website\"},\"datePublished\":\"2014-07-14T10:11:52+00:00\",\"dateModified\":\"2024-03-07T10:25:26+00:00\",\"description\":\"Fahnen sind lebendige Werbetr\u00e4ger, die Ihr Produkt, Ihr Unternehmen oder Ihre Institution professionell pr\u00e4sentieren. Weil Sie stolz auf Ihr Unternehmen sind, strahlen Sie dies am liebsten dauerhaft aus. PoleLed macht Ihre Fahnen nachhaltiger sichtbar und Ihr Unternehmen leichter auffindbar; 24 Stunden am Tag, 7 Tage die Woche.\",\"breadcrumb\":{\"@id\":\"https:\/\/www.pole-led.nl\/de\/was-wir-machen\/#breadcrumb\"},\"inLanguage\":\"de-DE\",\"potentialAction\":[{\"@type\":\"ReadAction\",\"target\":[\"https:\/\/www.pole-led.nl\/de\/was-wir-machen\/\"]}]},{\"@type\":\"BreadcrumbList\",\"@id\":\"https:\/\/www.pole-led.nl\/de\/was-wir-machen\/#breadcrumb\",\"itemListElement\":[{\"@type\":\"ListItem\",\"position\":1,\"name\":\"Home\",\"item\":\"https:\/\/www.pole-led.nl\/de\/\"},{\"@type\":\"ListItem\",\"position\":2,\"name\":\"Was wir machen\"}]},{\"@type\":\"WebSite\",\"@id\":\"https:\/\/www.pole-led.nl\/de\/#website\",\"url\":\"https:\/\/www.pole-led.nl\/de\/\",\"name\":\"PoleLed\",\"description\":\"Duurzaam Zichtbaar vlagverlichting\",\"publisher\":{\"@id\":\"https:\/\/www.pole-led.nl\/de\/#organization\"},\"potentialAction\":[{\"@type\":\"SearchAction\",\"target\":{\"@type\":\"EntryPoint\",\"urlTemplate\":\"https:\/\/www.pole-led.nl\/de\/?s={search_term_string}\"},\"query-input\":{\"@type\":\"PropertyValueSpecification\",\"valueRequired\":true,\"valueName\":\"search_term_string\"}}],\"inLanguage\":\"de-DE\"},{\"@type\":\"Organization\",\"@id\":\"https:\/\/www.pole-led.nl\/de\/#organization\",\"name\":\"PoleLed vlagverlichting\",\"url\":\"https:\/\/www.pole-led.nl\/de\/\",\"logo\":{\"@type\":\"ImageObject\",\"inLanguage\":\"de-DE\",\"@id\":\"https:\/\/www.pole-led.nl\/de\/#\/schema\/logo\/image\/\",\"url\":\"https:\/\/www.pole-led.nl\/wp-content\/uploads\/2015\/07\/Logo_PoleLed_mill.png\",\"contentUrl\":\"https:\/\/www.pole-led.nl\/wp-content\/uploads\/2015\/07\/Logo_PoleLed_mill.png\",\"width\":280,\"height\":75,\"caption\":\"PoleLed vlagverlichting\"},\"image\":{\"@id\":\"https:\/\/www.pole-led.nl\/de\/#\/schema\/logo\/image\/\"},\"sameAs\":[\"https:\/\/www.facebook.com\/poleled\",\"https:\/\/x.com\/poleled\",\"https:\/\/www.linkedin.com\/poleled\"]}]}<\/script>\n<!-- \/ Yoast SEO plugin. -->","yoast_head_json":{"title":"Nachhaltige Beleuchtung macht Ihre Fahnen sichtbarer","description":"Fahnen sind lebendige Werbetr\u00e4ger, die Ihr Produkt, Ihr Unternehmen oder Ihre Institution professionell pr\u00e4sentieren. Weil Sie stolz auf Ihr Unternehmen sind, strahlen Sie dies am liebsten dauerhaft aus. PoleLed macht Ihre Fahnen nachhaltiger sichtbar und Ihr Unternehmen leichter auffindbar; 24 Stunden am Tag, 7 Tage die Woche.","robots":{"index":"index","follow":"follow","max-snippet":"max-snippet:-1","max-image-preview":"max-image-preview:large","max-video-preview":"max-video-preview:-1"},"canonical":"https:\/\/www.pole-led.nl\/de\/was-wir-machen\/","og_locale":"de_DE","og_type":"article","og_title":"Nachhaltige Beleuchtung macht Ihre Fahnen sichtbarer","og_description":"Fahnen sind lebendige Werbetr\u00e4ger, die Ihr Produkt, Ihr Unternehmen oder Ihre Institution professionell pr\u00e4sentieren. Weil Sie stolz auf Ihr Unternehmen sind, strahlen Sie dies am liebsten dauerhaft aus. PoleLed macht Ihre Fahnen nachhaltiger sichtbar und Ihr Unternehmen leichter auffindbar; 24 Stunden am Tag, 7 Tage die Woche.","og_url":"https:\/\/www.pole-led.nl\/de\/was-wir-machen\/","og_site_name":"PoleLed","article_publisher":"https:\/\/www.facebook.com\/poleled","article_modified_time":"2024-03-07T10:25:26+00:00","og_image":[{"width":280,"height":75,"url":"https:\/\/www.pole-led.nl\/wp-content\/uploads\/2015\/07\/Logo_PoleLed_mill.png","type":"image\/png"}],"twitter_card":"summary_large_image","twitter_site":"@poleled","twitter_misc":{"Est. reading time":"1 minute"},"schema":{"@context":"https:\/\/schema.org","@graph":[{"@type":"WebPage","@id":"https:\/\/www.pole-led.nl\/de\/was-wir-machen\/","url":"https:\/\/www.pole-led.nl\/de\/was-wir-machen\/","name":"Nachhaltige Beleuchtung macht Ihre Fahnen sichtbarer","isPartOf":{"@id":"https:\/\/www.pole-led.nl\/de\/#website"},"datePublished":"2014-07-14T10:11:52+00:00","dateModified":"2024-03-07T10:25:26+00:00","description":"Fahnen sind lebendige Werbetr\u00e4ger, die Ihr Produkt, Ihr Unternehmen oder Ihre Institution professionell pr\u00e4sentieren. Weil Sie stolz auf Ihr Unternehmen sind, strahlen Sie dies am liebsten dauerhaft aus. PoleLed macht Ihre Fahnen nachhaltiger sichtbar und Ihr Unternehmen leichter auffindbar; 24 Stunden am Tag, 7 Tage die Woche.","breadcrumb":{"@id":"https:\/\/www.pole-led.nl\/de\/was-wir-machen\/#breadcrumb"},"inLanguage":"de-DE","potentialAction":[{"@type":"ReadAction","target":["https:\/\/www.pole-led.nl\/de\/was-wir-machen\/"]}]},{"@type":"BreadcrumbList","@id":"https:\/\/www.pole-led.nl\/de\/was-wir-machen\/#breadcrumb","itemListElement":[{"@type":"ListItem","position":1,"name":"Home","item":"https:\/\/www.pole-led.nl\/de\/"},{"@type":"ListItem","position":2,"name":"Was wir machen"}]},{"@type":"WebSite","@id":"https:\/\/www.pole-led.nl\/de\/#website","url":"https:\/\/www.pole-led.nl\/de\/","name":"PoleLed","description":"Duurzaam Zichtbaar vlagverlichting","publisher":{"@id":"https:\/\/www.pole-led.nl\/de\/#organization"},"potentialAction":[{"@type":"SearchAction","target":{"@type":"EntryPoint","urlTemplate":"https:\/\/www.pole-led.nl\/de\/?s={search_term_string}"},"query-input":{"@type":"PropertyValueSpecification","valueRequired":true,"valueName":"search_term_string"}}],"inLanguage":"de-DE"},{"@type":"Organization","@id":"https:\/\/www.pole-led.nl\/de\/#organization","name":"PoleLed vlagverlichting","url":"https:\/\/www.pole-led.nl\/de\/","logo":{"@type":"ImageObject","inLanguage":"de-DE","@id":"https:\/\/www.pole-led.nl\/de\/#\/schema\/logo\/image\/","url":"https:\/\/www.pole-led.nl\/wp-content\/uploads\/2015\/07\/Logo_PoleLed_mill.png","contentUrl":"https:\/\/www.pole-led.nl\/wp-content\/uploads\/2015\/07\/Logo_PoleLed_mill.png","width":280,"height":75,"caption":"PoleLed vlagverlichting"},"image":{"@id":"https:\/\/www.pole-led.nl\/de\/#\/schema\/logo\/image\/"},"sameAs":["https:\/\/www.facebook.com\/poleled","https:\/\/x.com\/poleled","https:\/\/www.linkedin.com\/poleled"]}]}},"_links":{"self":[{"href":"https:\/\/www.pole-led.nl\/de\/wp-json\/wp\/v2\/pages\/4466","targetHints":{"allow":["GET"]}}],"collection":[{"href":"https:\/\/www.pole-led.nl\/de\/wp-json\/wp\/v2\/pages"}],"about":[{"href":"https:\/\/www.pole-led.nl\/de\/wp-json\/wp\/v2\/types\/page"}],"author":[{"embeddable":true,"href":"https:\/\/www.pole-led.nl\/de\/wp-json\/wp\/v2\/users\/4"}],"replies":[{"embeddable":true,"href":"https:\/\/www.pole-led.nl\/de\/wp-json\/wp\/v2\/comments?post=4466"}],"version-history":[{"count":9,"href":"https:\/\/www.pole-led.nl\/de\/wp-json\/wp\/v2\/pages\/4466\/revisions"}],"predecessor-version":[{"id":5726,"href":"https:\/\/www.pole-led.nl\/de\/wp-json\/wp\/v2\/pages\/4466\/revisions\/5726"}],"wp:attachment":[{"href":"https:\/\/www.pole-led.nl\/de\/wp-json\/wp\/v2\/media?parent=4466"}],"curies":[{"name":"wp","href":"https:\/\/api.w.org\/{rel}","templated":true}]}}